{"id":3605,"date":"2024-10-10T20:03:08","date_gmt":"2024-10-10T20:03:08","guid":{"rendered":"https:\/\/berlinpartner.pl\/services\/"},"modified":"2025-05-03T15:54:36","modified_gmt":"2025-05-03T15:54:36","slug":"work","status":"publish","type":"page","link":"https:\/\/berlinpartner.pl\/pl\/work\/","title":{"rendered":"\u0130\u015f \u0130mkanlar\u0131"},"content":{"rendered":"<div data-elementor-type=\"wp-page\" data-elementor-id=\"3605\" class=\"elementor elementor-3605\">\n\t\t\t\t<div class=\"elementor-element elementor-element-c93912a e-flex e-con-boxed e-con e-parent\" data-id=\"c93912a\" data-element_type=\"container\" data-settings=\"{&quot;background_background&quot;:&quot;classic&quot;}\">\n\t\t\t\t\t<div class=\"e-con-inner\">\n\t\t\t\t<div class=\"elementor-element elementor-element-f927337 elementor-widget elementor-widget-heading\" data-id=\"f927337\" data-element_type=\"widget\" data-widget_type=\"heading.default\">\n\t\t\t\t<div class=\"elementor-widget-container\">\n\t\t\t\t\t<h1 class=\"elementor-heading-title elementor-size-default\">Pracuj z nami!<\/h1>\t\t\t\t<\/div>\n\t\t\t\t<\/div>\n\t\t\t\t<div class=\"elementor-element elementor-element-96ec02c elementor-align-center elementor-widget elementor-widget-button\" data-id=\"96ec02c\" data-element_type=\"widget\" data-widget_type=\"button.default\">\n\t\t\t\t<div class=\"elementor-widget-container\">\n\t\t\t\t\t\t\t\t\t<div class=\"elementor-button-wrapper\">\n\t\t\t\t\t<a class=\"elementor-button elementor-button-link elementor-size-sm\" href=\"https:\/\/berlinpartner.pl\/pl\/iletisim\/\">\n\t\t\t\t\t\t<span class=\"elementor-button-content-wrapper\">\n\t\t\t\t\t\t\t\t\t<span class=\"elementor-button-text\">Do\u0142\u0105cz do nas!<\/span>\n\t\t\t\t\t<\/span>\n\t\t\t\t\t<\/a>\n\t\t\t\t<\/div>\n\t\t\t\t\t\t\t\t<\/div>\n\t\t\t\t<\/div>\n\t\t\t\t<div class=\"elementor-element elementor-element-8e631f9 elementor-align-center elementor-widget elementor-widget-button\" data-id=\"8e631f9\" data-element_type=\"widget\" data-widget_type=\"button.default\">\n\t\t\t\t<div class=\"elementor-widget-container\">\n\t\t\t\t\t\t\t\t\t<div class=\"elementor-button-wrapper\">\n\t\t\t\t\t<a class=\"elementor-button elementor-button-link elementor-size-sm\" href=\"http:\/\/wa.me\/48662233883?text=%C3%87al%C4%B1%C5%9Fma%20imkanlar%C4%B1%20hakk%C4%B1nda%20bilgi%20almak%20istiyorum%21\">\n\t\t\t\t\t\t<span class=\"elementor-button-content-wrapper\">\n\t\t\t\t\t\t<span class=\"elementor-button-icon\">\n\t\t\t\t<svg aria-hidden=\"true\" class=\"e-font-icon-svg e-fab-whatsapp\" viewbox=\"0 0 448 512\" xmlns=\"http:\/\/www.w3.org\/2000\/svg\"><path d=\"M380.9 97.1C339 55.1 283.2 32 223.9 32c-122.4 0-222 99.6-222 222 0 39.1 10.2 77.3 29.6 111L0 480l117.7-30.9c32.4 17.7 68.9 27 106.1 27h.1c122.3 0 224.1-99.6 224.1-222 0-59.3-25.2-115-67.1-157zm-157 341.6c-33.2 0-65.7-8.9-94-25.7l-6.7-4-69.8 18.3L72 359.2l-4.4-7c-18.5-29.4-28.2-63.3-28.2-98.2 0-101.7 82.8-184.5 184.6-184.5 49.3 0 95.6 19.2 130.4 54.1 34.8 34.9 56.2 81.2 56.1 130.5 0 101.8-84.9 184.6-186.6 184.6zm101.2-138.2c-5.5-2.8-32.8-16.2-37.9-18-5.1-1.9-8.8-2.8-12.5 2.8-3.7 5.6-14.3 18-17.6 21.8-3.2 3.7-6.5 4.2-12 1.4-32.6-16.3-54-29.1-75.5-66-5.7-9.8 5.7-9.1 16.3-30.3 1.8-3.7.9-6.9-.5-9.7-1.4-2.8-12.5-30.1-17.1-41.2-4.5-10.8-9.1-9.3-12.5-9.5-3.2-.2-6.9-.2-10.6-.2-3.7 0-9.7 1.4-14.8 6.9-5.1 5.6-19.4 19-19.4 46.3 0 27.3 19.9 53.7 22.6 57.4 2.8 3.7 39.1 59.7 94.8 83.8 35.2 15.2 49 16.5 66.6 13.9 10.7-1.6 32.8-13.4 37.4-26.4 4.6-13 4.6-24.1 3.2-26.4-1.3-2.5-5-3.9-10.5-6.6z\"><\/path><\/svg>\t\t\t<\/span>\n\t\t\t\t\t\t\t\t\t<span class=\"elementor-button-text\">Pisz na WhatsApp!<\/span>\n\t\t\t\t\t<\/span>\n\t\t\t\t\t<\/a>\n\t\t\t\t<\/div>\n\t\t\t\t\t\t\t\t<\/div>\n\t\t\t\t<\/div>\n\t\t\t\t\t<\/div>\n\t\t\t\t<\/div>\n\t\t<div class=\"elementor-element elementor-element-4fa9149 e-flex e-con-boxed e-con e-parent\" data-id=\"4fa9149\" data-element_type=\"container\" data-settings=\"{&quot;background_background&quot;:&quot;classic&quot;}\">\n\t\t\t\t\t<div class=\"e-con-inner\">\n\t\t<div class=\"elementor-element elementor-element-2ff7be1 e-con-full e-flex e-con e-child\" data-id=\"2ff7be1\" data-element_type=\"container\">\n\t\t<div class=\"elementor-element elementor-element-9b67728 e-con-full e-flex e-con e-child\" data-id=\"9b67728\" data-element_type=\"container\">\n\t\t\t\t<div class=\"elementor-element elementor-element-6462ce5 elementor-widget elementor-widget-image\" data-id=\"6462ce5\" data-element_type=\"widget\" data-widget_type=\"image.default\">\n\t\t\t\t<div class=\"elementor-widget-container\">\n\t\t\t\t\t\t\t\t\t\t\t\t\t\t\t<img fetchpriority=\"high\" decoding=\"async\" width=\"936\" height=\"562\" src=\"https:\/\/berlinpartner.pl\/wp-content\/uploads\/2024\/12\/Driving_Opportunities_Get_Started.jpg\" class=\"attachment-full size-full wp-image-4612\" alt=\"\" srcset=\"https:\/\/berlinpartner.pl\/wp-content\/uploads\/2024\/12\/Driving_Opportunities_Get_Started.jpg 936w, https:\/\/berlinpartner.pl\/wp-content\/uploads\/2024\/12\/Driving_Opportunities_Get_Started-300x180.jpg 300w, https:\/\/berlinpartner.pl\/wp-content\/uploads\/2024\/12\/Driving_Opportunities_Get_Started-768x461.jpg 768w\" sizes=\"(max-width: 936px) 100vw, 936px\" \/>\t\t\t\t\t\t\t\t\t\t\t\t\t\t\t<\/div>\n\t\t\t\t<\/div>\n\t\t\t\t<\/div>\n\t\t<div class=\"elementor-element elementor-element-0a7b0e5 e-con-full e-flex e-con e-child\" data-id=\"0a7b0e5\" data-element_type=\"container\">\n\t\t\t\t<div class=\"elementor-element elementor-element-70feb95 elementor-widget elementor-widget-heading\" data-id=\"70feb95\" data-element_type=\"widget\" data-widget_type=\"heading.default\">\n\t\t\t\t<div class=\"elementor-widget-container\">\n\t\t\t\t\t<h3 class=\"elementor-heading-title elementor-size-default\">DLA KIEROWC\u00d3W<\/h3>\t\t\t\t<\/div>\n\t\t\t\t<\/div>\n\t\t\t\t<div class=\"elementor-element elementor-element-80f21e0 elementor-widget elementor-widget-text-editor\" data-id=\"80f21e0\" data-element_type=\"widget\" data-widget_type=\"text-editor.default\">\n\t\t\t\t<div class=\"elementor-widget-container\">\n\t\t\t\t\t\t\t\t\t<p>Niezale\u017cnie od tego, czy prowadzisz w\u0142asny samoch\u00f3d, czy wynajmujesz jeden z naszych wygodnych pojazd\u00f3w i zarabiasz jako taks\u00f3wkarz w jednej z 4 popularnych aplikacji.<\/p>\t\t\t\t\t\t\t\t<\/div>\n\t\t\t\t<\/div>\n\t\t\t\t<div class=\"elementor-element elementor-element-65918ba elementor-widget elementor-widget-text-editor\" data-id=\"65918ba\" data-element_type=\"widget\" data-widget_type=\"text-editor.default\">\n\t\t\t\t<div class=\"elementor-widget-container\">\n\t\t\t\t\t\t\t\t\t<p>Kliknij na aplikacj\u0119, w kt\u00f3rej chcesz zosta\u0107 kierowc\u0105!<\/p>\t\t\t\t\t\t\t\t<\/div>\n\t\t\t\t<\/div>\n\t\t\t\t<div class=\"elementor-element elementor-element-dbfe7de elementor-widget elementor-widget-sina_brand_carousel\" data-id=\"dbfe7de\" data-element_type=\"widget\" data-widget_type=\"sina_brand_carousel.default\">\n\t\t\t\t<div class=\"elementor-widget-container\">\n\t\t\t\t\t\t\t<div class=\"sina-brand-carousel owl-carousel\"\r\n\t\tdata-item-lg=\"4\"\r\n\t\tdata-item-md=\"2\"\r\n\t\tdata-item-sm=\"4\"\r\n\t\tdata-autoplay=\"\"\r\n\t\tdata-pause=\"yes\"\r\n\t\tdata-center=\"\"\r\n\t\tdata-slide-anim=\"\"\r\n\t\tdata-slide-anim-out=\"\"\r\n\t\tdata-nav=\"\" data-dots=\"\"\r\n\t\tdata-mouse-drag=\"\"\r\n\t\tdata-touch-drag=\"\"\r\n\t\tdata-loop=\"\"\r\n\t\tdata-speed=\"500\"\r\n\t\tdata-delay=\"1500\">\r\n\t\t\t\t\t\t\t\t\t\t\t\t<div class=\"sina-brand-item\">\r\n\t\t\t\t\t\t<div class=\"sina-brand-item-inner elementor-repeater-item-c5127a1\">\r\n\t\t\t\t\t\t\t<a \t\t\t\t\t\t\t\t\thref=\"https:\/\/berlinpartner.pl\/pl\/uber\/\"\r\n\t\t\t\t\t\t\t\t\t\t\t\t\t\t\t\t\t\t\t\t\t\t\t\t\t\t>\r\n\t\t\t\t\t\t\t\t<img decoding=\"async\" src=\"https:\/\/berlinpartner.pl\/wp-content\/uploads\/2024\/10\/uber.png\" alt=\"Uber\">\r\n\t\t\t\t\t\t\t<\/a>\r\n\t\t\t\t\t\t<\/div>\r\n\t\t\t\t\t<\/div>\r\n\t\t\t\t\t\t\t\t\t\t\t\t\t\t\t\t<div class=\"sina-brand-item\">\r\n\t\t\t\t\t\t<div class=\"sina-brand-item-inner elementor-repeater-item-3bd2761\">\r\n\t\t\t\t\t\t\t<a \t\t\t\t\t\t\t\t\thref=\"https:\/\/berlinpartner.pl\/pl\/bolt\/\"\r\n\t\t\t\t\t\t\t\t\t\t\t\t\t\t\t\t\t\t\t\t\t\t\t\t\t\t>\r\n\t\t\t\t\t\t\t\t<img decoding=\"async\" src=\"https:\/\/berlinpartner.pl\/wp-content\/uploads\/2024\/10\/bolt.png\" alt=\"Bolt\">\r\n\t\t\t\t\t\t\t<\/a>\r\n\t\t\t\t\t\t<\/div>\r\n\t\t\t\t\t<\/div>\r\n\t\t\t\t\t\t\t\t\t\t\t\t\t\t\t\t<div class=\"sina-brand-item\">\r\n\t\t\t\t\t\t<div class=\"sina-brand-item-inner elementor-repeater-item-c45dc38\">\r\n\t\t\t\t\t\t\t<a \t\t\t\t\t\t\t\t\thref=\"https:\/\/berlinpartner.pl\/pl\/freenow\/\"\r\n\t\t\t\t\t\t\t\t\t\t\t\t\t\t\t\t\t\t\t\t\t\t\t\t\t\t>\r\n\t\t\t\t\t\t\t\t<img decoding=\"async\" src=\"https:\/\/berlinpartner.pl\/wp-content\/uploads\/2024\/11\/freenow.png\" alt=\"FreeNow\">\r\n\t\t\t\t\t\t\t<\/a>\r\n\t\t\t\t\t\t<\/div>\r\n\t\t\t\t\t<\/div>\r\n\t\t\t\t\t\t\t\t\t\t\t\t\t\t\t\t<div class=\"sina-brand-item\">\r\n\t\t\t\t\t\t<div class=\"sina-brand-item-inner elementor-repeater-item-67b2e3d\">\r\n\t\t\t\t\t\t\t<a \t\t\t\t\t\t\t\t\thref=\"https:\/\/berlinpartner.pl\/pl\/itaxi\/\"\r\n\t\t\t\t\t\t\t\t\t\t\t\t\t\t\t\t\t\t\t\t\t\t\t\t\t\t>\r\n\t\t\t\t\t\t\t\t<img decoding=\"async\" src=\"https:\/\/berlinpartner.pl\/wp-content\/uploads\/2024\/10\/itaxi-app.png\" alt=\"iTaxi\">\r\n\t\t\t\t\t\t\t<\/a>\r\n\t\t\t\t\t\t<\/div>\r\n\t\t\t\t\t<\/div>\r\n\t\t\t\t\t\t\t\t\t<\/div><!-- .sina-brand-carousel -->\r\n\t\t\t\t\t\t<\/div>\n\t\t\t\t<\/div>\n\t\t\t\t<\/div>\n\t\t\t\t<\/div>\n\t\t<div class=\"elementor-element elementor-element-c453f18 e-con-full e-flex e-con e-child\" data-id=\"c453f18\" data-element_type=\"container\">\n\t\t<div class=\"elementor-element elementor-element-58c1589 e-con-full e-flex e-con e-child\" data-id=\"58c1589\" data-element_type=\"container\">\n\t\t\t\t<div class=\"elementor-element elementor-element-5501442 elementor-widget elementor-widget-image\" data-id=\"5501442\" data-element_type=\"widget\" data-widget_type=\"image.default\">\n\t\t\t\t<div class=\"elementor-widget-container\">\n\t\t\t\t\t\t\t\t\t\t\t\t\t\t\t<img decoding=\"async\" width=\"460\" height=\"460\" src=\"https:\/\/berlinpartner.pl\/wp-content\/uploads\/2024\/12\/2c360e02dc767189faecbf75060365f4f8025ffe2.jpg\" class=\"attachment-full size-full wp-image-4614\" alt=\"\" srcset=\"https:\/\/berlinpartner.pl\/wp-content\/uploads\/2024\/12\/2c360e02dc767189faecbf75060365f4f8025ffe2.jpg 460w, https:\/\/berlinpartner.pl\/wp-content\/uploads\/2024\/12\/2c360e02dc767189faecbf75060365f4f8025ffe2-300x300.jpg 300w, https:\/\/berlinpartner.pl\/wp-content\/uploads\/2024\/12\/2c360e02dc767189faecbf75060365f4f8025ffe2-150x150.jpg 150w\" sizes=\"(max-width: 460px) 100vw, 460px\" \/>\t\t\t\t\t\t\t\t\t\t\t\t\t\t\t<\/div>\n\t\t\t\t<\/div>\n\t\t\t\t<\/div>\n\t\t<div class=\"elementor-element elementor-element-7c895b9 e-con-full e-flex e-con e-child\" data-id=\"7c895b9\" data-element_type=\"container\">\n\t\t\t\t<div class=\"elementor-element elementor-element-e677f88 elementor-widget elementor-widget-heading\" data-id=\"e677f88\" data-element_type=\"widget\" data-widget_type=\"heading.default\">\n\t\t\t\t<div class=\"elementor-widget-container\">\n\t\t\t\t\t<h3 class=\"elementor-heading-title elementor-size-default\">DLA KURIER\u00d3W<\/h3>\t\t\t\t<\/div>\n\t\t\t\t<\/div>\n\t\t\t\t<div class=\"elementor-element elementor-element-2f2ab56 elementor-widget elementor-widget-text-editor\" data-id=\"2f2ab56\" data-element_type=\"widget\" data-widget_type=\"text-editor.default\">\n\t\t\t\t<div class=\"elementor-widget-container\">\n\t\t\t\t\t\t\t\t\t<p>Do\u0142\u0105cz do Berlin Partner i zacznij zarabia\u0107 jako kurier w jednej z najpopularniejszych aplikacji dostawczych na rynku!<\/p>\t\t\t\t\t\t\t\t<\/div>\n\t\t\t\t<\/div>\n\t\t\t\t<div class=\"elementor-element elementor-element-128d5be elementor-widget elementor-widget-text-editor\" data-id=\"128d5be\" data-element_type=\"widget\" data-widget_type=\"text-editor.default\">\n\t\t\t\t<div class=\"elementor-widget-container\">\n\t\t\t\t\t\t\t\t\t<p>Kliknij na aplikacj\u0119, w kt\u00f3rej chcesz zosta\u0107 kurierem!<\/p>\t\t\t\t\t\t\t\t<\/div>\n\t\t\t\t<\/div>\n\t\t\t\t<div class=\"elementor-element elementor-element-53dd70c elementor-widget elementor-widget-sina_brand_carousel\" data-id=\"53dd70c\" data-element_type=\"widget\" data-widget_type=\"sina_brand_carousel.default\">\n\t\t\t\t<div class=\"elementor-widget-container\">\n\t\t\t\t\t\t\t<div class=\"sina-brand-carousel owl-carousel\"\r\n\t\tdata-item-lg=\"4\"\r\n\t\tdata-item-md=\"2\"\r\n\t\tdata-item-sm=\"4\"\r\n\t\tdata-autoplay=\"\"\r\n\t\tdata-pause=\"yes\"\r\n\t\tdata-center=\"\"\r\n\t\tdata-slide-anim=\"\"\r\n\t\tdata-slide-anim-out=\"\"\r\n\t\tdata-nav=\"\" data-dots=\"\"\r\n\t\tdata-mouse-drag=\"\"\r\n\t\tdata-touch-drag=\"\"\r\n\t\tdata-loop=\"\"\r\n\t\tdata-speed=\"500\"\r\n\t\tdata-delay=\"1500\">\r\n\t\t\t\t\t\t\t\t\t\t\t\t<div class=\"sina-brand-item\">\r\n\t\t\t\t\t\t<div class=\"sina-brand-item-inner elementor-repeater-item-eb50c2d\">\r\n\t\t\t\t\t\t\t<a \t\t\t\t\t\t\t\t\thref=\"https:\/\/berlinpartner.pl\/pl\/glovo\/\"\r\n\t\t\t\t\t\t\t\t\t\t\t\t\t\t\t\t\t\t\t\t\t\t\t\t\t\t>\r\n\t\t\t\t\t\t\t\t<img decoding=\"async\" src=\"https:\/\/berlinpartner.pl\/wp-content\/uploads\/2024\/10\/glovo.png\" alt=\"Glovo\">\r\n\t\t\t\t\t\t\t<\/a>\r\n\t\t\t\t\t\t<\/div>\r\n\t\t\t\t\t<\/div>\r\n\t\t\t\t\t\t\t\t\t\t\t\t\t\t\t\t<div class=\"sina-brand-item\">\r\n\t\t\t\t\t\t<div class=\"sina-brand-item-inner elementor-repeater-item-ba74038\">\r\n\t\t\t\t\t\t\t<a \t\t\t\t\t\t\t\t\thref=\"https:\/\/berlinpartner.pl\/pl\/wolt\/\"\r\n\t\t\t\t\t\t\t\t\t\t\t\t\t\t\t\t\t\t\t\t\t\t\t\t\t\t>\r\n\t\t\t\t\t\t\t\t<img decoding=\"async\" src=\"https:\/\/berlinpartner.pl\/wp-content\/uploads\/2024\/11\/wolt.png\" alt=\"Wolt\">\r\n\t\t\t\t\t\t\t<\/a>\r\n\t\t\t\t\t\t<\/div>\r\n\t\t\t\t\t<\/div>\r\n\t\t\t\t\t\t\t\t\t\t\t\t\t\t\t\t<div class=\"sina-brand-item\">\r\n\t\t\t\t\t\t<div class=\"sina-brand-item-inner elementor-repeater-item-ac04c6d\">\r\n\t\t\t\t\t\t\t<a \t\t\t\t\t\t\t\t\thref=\"https:\/\/berlinpartner.pl\/pl\/uber-eats\/\"\r\n\t\t\t\t\t\t\t\t\t\t\t\t\t\t\t\t\t\t\t\t\t\t\t\t\t\t>\r\n\t\t\t\t\t\t\t\t<img decoding=\"async\" src=\"https:\/\/berlinpartner.pl\/wp-content\/uploads\/2024\/10\/uber-eats.png\" alt=\"Uber Eats\">\r\n\t\t\t\t\t\t\t<\/a>\r\n\t\t\t\t\t\t<\/div>\r\n\t\t\t\t\t<\/div>\r\n\t\t\t\t\t\t\t\t\t\t\t\t\t\t\t\t<div class=\"sina-brand-item\">\r\n\t\t\t\t\t\t<div class=\"sina-brand-item-inner elementor-repeater-item-f74aa1e\">\r\n\t\t\t\t\t\t\t<a \t\t\t\t\t\t\t\t\thref=\"https:\/\/berlinpartner.pl\/pl\/stuart\/\"\r\n\t\t\t\t\t\t\t\t\t\t\t\t\t\t\t\t\t\t\t\t\t\t\t\t\t\t>\r\n\t\t\t\t\t\t\t\t<img decoding=\"async\" src=\"https:\/\/berlinpartner.pl\/wp-content\/uploads\/2024\/11\/stuart.png\" alt=\"Stuart\">\r\n\t\t\t\t\t\t\t<\/a>\r\n\t\t\t\t\t\t<\/div>\r\n\t\t\t\t\t<\/div>\r\n\t\t\t\t\t\t\t\t\t<\/div><!-- .sina-brand-carousel -->\r\n\t\t\t\t\t\t<\/div>\n\t\t\t\t<\/div>\n\t\t\t\t<\/div>\n\t\t\t\t<\/div>\n\t\t\t\t\t<\/div>\n\t\t\t\t<\/div>\n\t\t\t\t<\/div>","protected":false},"excerpt":{"rendered":"<p>Bizimle \u00c7al\u0131\u015f\u0131n! Bize Kat\u0131l\u0131n! WhatsApp&#8217;ten Yaz\u0131n! S\u00fcr\u00fcc\u00fcler \u0130\u00e7in \u0130ster kendi arac\u0131n\u0131z\u0131 kullan\u0131n, ister konforlu ara\u00e7lar\u0131m\u0131zdan birini kiralay\u0131n ve 4 pop\u00fcler uygulamadan birinde taksi \u015fof\u00f6r\u00fc olarak kazan\u0131n. S\u00fcr\u00fcc\u00fc olmak istedi\u011finiz uygulamaya t\u0131klay\u0131n! Kuryeler i\u00e7in Berlin Partnere kat\u0131l\u0131n ve piyasadaki en pop\u00fcler teslimat uygulamalar\u0131ndan birinde kurye olarak kazanmaya ba\u015flay\u0131n! Kurye olmak istedi\u011finiz uygulamaya t\u0131klay\u0131n!<\/p>","protected":false},"author":1,"featured_media":0,"parent":0,"menu_order":3,"comment_status":"closed","ping_status":"closed","template":"","meta":{"site-sidebar-layout":"no-sidebar","site-content-layout":"page-builder","ast-site-content-layout":"","site-content-style":"default","site-sidebar-style":"default","ast-global-header-display":"","ast-banner-title-visibility":"","ast-main-header-display":"","ast-hfb-above-header-display":"","ast-hfb-below-header-display":"","ast-hfb-mobile-header-display":"","site-post-title":"disabled","ast-breadcrumbs-content":"","ast-featured-img":"disabled","footer-sml-layout":"","theme-transparent-header-meta":"enabled","adv-header-id-meta":"","stick-header-meta":"","header-above-stick-meta":"","header-main-stick-meta":"","header-below-stick-meta":"","astra-migrate-meta-layouts":"default","ast-page-background-enabled":"default","ast-page-background-meta":{"desktop":{"background-color":"var(--ast-global-color-4)","background-image":"","background-repeat":"repeat","background-position":"center center","background-size":"auto","background-attachment":"scroll","background-type":"","background-media":"","overlay-type":"","overlay-color":"","overlay-opacity":"","overlay-gradient":""},"tablet":{"background-color":"","background-image":"","background-repeat":"repeat","background-position":"center center","background-size":"auto","background-attachment":"scroll","background-type":"","background-media":"","overlay-type":"","overlay-color":"","overlay-opacity":"","overlay-gradient":""},"mobile":{"background-color":"","background-image":"","background-repeat":"repeat","background-position":"center center","background-size":"auto","background-attachment":"scroll","background-type":"","background-media":"","overlay-type":"","overlay-color":"","overlay-opacity":"","overlay-gradient":""}},"ast-content-background-meta":{"desktop":{"background-color":"var(--ast-global-color-5)","background-image":"","background-repeat":"repeat","background-position":"center center","background-size":"auto","background-attachment":"scroll","background-type":"","background-media":"","overlay-type":"","overlay-color":"","overlay-opacity":"","overlay-gradient":""},"tablet":{"background-color":"var(--ast-global-color-5)","background-image":"","background-repeat":"repeat","background-position":"center center","background-size":"auto","background-attachment":"scroll","background-type":"","background-media":"","overlay-type":"","overlay-color":"","overlay-opacity":"","overlay-gradient":""},"mobile":{"background-color":"var(--ast-global-color-5)","background-image":"","background-repeat":"repeat","background-position":"center center","background-size":"auto","background-attachment":"scroll","background-type":"","background-media":"","overlay-type":"","overlay-color":"","overlay-opacity":"","overlay-gradient":""}},"footnotes":""},"class_list":["post-3605","page","type-page","status-publish","hentry"],"_links":{"self":[{"href":"https:\/\/berlinpartner.pl\/pl\/wp-json\/wp\/v2\/pages\/3605","targetHints":{"allow":["GET"]}}],"collection":[{"href":"https:\/\/berlinpartner.pl\/pl\/wp-json\/wp\/v2\/pages"}],"about":[{"href":"https:\/\/berlinpartner.pl\/pl\/wp-json\/wp\/v2\/types\/page"}],"author":[{"embeddable":true,"href":"https:\/\/berlinpartner.pl\/pl\/wp-json\/wp\/v2\/users\/1"}],"replies":[{"embeddable":true,"href":"https:\/\/berlinpartner.pl\/pl\/wp-json\/wp\/v2\/comments?post=3605"}],"version-history":[{"count":40,"href":"https:\/\/berlinpartner.pl\/pl\/wp-json\/wp\/v2\/pages\/3605\/revisions"}],"predecessor-version":[{"id":5256,"href":"https:\/\/berlinpartner.pl\/pl\/wp-json\/wp\/v2\/pages\/3605\/revisions\/5256"}],"wp:attachment":[{"href":"https:\/\/berlinpartner.pl\/pl\/wp-json\/wp\/v2\/media?parent=3605"}],"curies":[{"name":"wp","href":"https:\/\/api.w.org\/{rel}","templated":true}]}}